{"id":6132,"date":"2021-06-14T02:15:29","date_gmt":"2021-06-14T00:15:29","guid":{"rendered":"https:\/\/bu.usthb.dz\/?page_id=6132"},"modified":"2025-06-10T18:03:26","modified_gmt":"2025-06-10T16:03:26","slug":"inscription-a-la-bu-en-2021-mesures-sanitaires","status":"publish","type":"page","link":"https:\/\/bu.usthb.dz\/?page_id=6132","title":{"rendered":"Registration at the library"},"content":{"rendered":"\n<h2><span class=\"has-inline-color has-vivid-cyan-blue-color\">Ann\u00e9e Universitaire 2022-2023<\/span><\/h2>\n\n\n\n<p class=\"has-text-align-right has-medium-font-size\">\u062a\u0639\u0644\u0646 \u0627\u062f\u0627\u0631\u0629 \u0627\u0644\u0645\u0643\u062a\u0628\u0629 \u0627\u0644\u0645\u0631\u0643\u0632\u064a\u0629 \u0644\u062c\u0627\u0645\u0639\u0629 \u0627\u0644\u0639\u0644\u0648\u0645 \u0648 \u0627\u0644\u062a\u0643\u0646\u0648\u0644\u0648\u062c\u064a\u0627 \u0647\u0648\u0627\u0631\u064a \u0628\u0648\u0645\u062f\u064a\u0646 \u0627\u0646\u0637\u0644\u0627\u0642 \u0641\u0639\u0627\u0644\u064a\u0627\u062a \u0627\u0628\u0648\u0627\u0628 \u0645\u0641\u062a\u0648\u062d\u0629 \u0627\u0628\u062a\u062f\u0627\u0621 \u0645\u0646<\/p>\n\n\n\n<p class=\"has-text-align-right has-medium-font-size\"> \u0627\u0644\u0627\u062d\u062f 25 \u0633\u0628\u062a\u0645\u0628\u0631  \u0645\u0646 \u0627\u0644\u0633\u0627\u0639\u0629 \u0627\u0644\u062a\u0627\u0633\u0639\u0629 (9\u0633\u0627) \u0635\u0628\u0627\u062d\u0627 \u0627\u0644\u0649 \u063a\u0627\u064a\u0629 \u0627\u0644\u0633\u0627\u0639\u0629 \u0627\u0644\u0648\u0627\u062d\u062f\u0629 \u0632\u0648\u0627\u0644\u0627<\/p>\n\n\n\n<h2 class=\"has-text-align-right\">  \u0628\u0631\u0646\u0627\u0645\u062c <\/h2>\n\n\n\n<h3 class=\"has-text-align-right\"> \u062a\u0633\u062c\u064a\u0644\u0627\u062a <\/h3>\n\n\n\n<p class=\"has-text-align-right has-normal-font-size\"><em><strong> \u0645\u0644\u0641 \u0627\u0644\u062a\u0633\u062c\u064a\u0644 \u0641\u064a \u0627\u0644\u0645\u0643\u062a\u0628\u0629<\/strong><\/em>        <\/p>\n\n\n\n<h4 class=\"has-text-align-right\">\u0635\u0648\u0631\u0629 \u0637\u0628\u0642 \u0627\u0644\u0627\u0635\u0644 \u0644\u0644\u0634\u0647\u0627\u062f\u0629 \u0627\u0644\u0645\u062f\u0631\u0633\u064a\u0629            <\/h4>\n\n\n\n<h4 class=\"has-text-align-right\">\u0635\u0648\u0631\u0629 \u0634\u0645\u0633\u064a\u0629\u061b              <\/h4>\n\n\n\n<h3 class=\"has-text-align-right\">\u062c\u0648\u0644\u0629 \u0625\u0631\u0634\u0627\u062f\u064a\u0629 \u0641\u064a \u0627\u0644\u0645\u0643\u062a\u0628\u0629 \u061b <\/h3>\n\n\n\n<h3 class=\"has-text-align-right\"> \u0645\u062c\u0645\u0648\u0639\u0629 \u0627\u0644\u062e\u062f\u0645\u0627\u062a \u0627\u0644\u0645\u0642\u062f\u0645\u0629 \u0644\u062c\u0645\u064a\u0639 \u0641\u0626\u0627\u062a \u0627\u0644\u0645\u0633\u062a\u0641\u064a\u062f\u064a\u0646\u061b <\/h3>\n\n\n\n<h3 class=\"has-text-align-right\"> \u0639\u0631\u0636 \u0627\u0644\u0643\u062a\u0628 \u0627\u0644\u0645\u062a\u0648\u0641\u0631\u0629 \u0641\u064a \u0627\u0644\u0645\u0643\u062a\u0628\u0629 : \u062c\u0645\u064a\u0639 \u0627\u0644\u062a\u062e\u0635\u0635\u0627\u062a <\/h3>\n\n\n\n<p>Pour fr\u00e9quenter les Biblioth\u00e8ques, les lecteurs doivent \u00eatre\u00a0 munis de leur carte de lecteur, exigible dans tous les locaux des biblioth\u00e8ques.<\/p>\n\n\n\n<p>L\u2019acc\u00e8s aux collections est libre et gratuit. L&rsquo;inscription est obligatoire pour tout emprunt de document :<\/p>\n\n\n\n<p>Pour les \u00e9tudiants de l\u2019USTHB, la carte d&rsquo;\u00e9tudiant a la valeur de carte de lecteur.<\/p>\n\n\n\n<p>Les autres personnes&nbsp; souhaitant fr\u00e9quenter la B.U. doivent se pr\u00e9senter&nbsp; au Service des Inscriptions, o\u00f9 une Autorisation d\u2019acc\u00e8s provisoire leurs sera d\u00e9livr\u00e9e. Pour cela, l\u2019Etudiant doit se munir d&rsquo;une Carte d&rsquo;identit\u00e9 ou d&rsquo;un Passeport valide, et dans le cas \u00e9ch\u00e9ant, un document de l&rsquo;ann\u00e9e en cours certifiant leur appartenance \u00e0 leur institution, leur sera demand\u00e9.<\/p>\n\n\n\n<p>Cette carte doit \u00eatre renouvell\u00e9e annuellement aupr\u00e8s du service concern\u00e9.<br><br>Les inscriptions d\u00e9marrent \u00e0 compter du mois d&rsquo;octobre. La validit\u00e9 de la carte s&rsquo;\u00e9tale durant toute la p\u00e9riode estivale. Et le renouvellement se fera \u00e0 chaque rentr\u00e9e universitaire.<\/p>\n\n\n\n<p>Les lecteurs extra \u00e0\u00a0 l\u2019USTHB n&rsquo;ont pas acc\u00e8s aux ressources \u00e9lectroniques.<\/p>\n\n\n\n<p><strong>Restriction d&rsquo;acc\u00e8s durant les p\u00e9riodes d&rsquo;examen<\/strong><\/p>\n\n\n\n<p>En raison de sa tr\u00e8s grande fr\u00e9quentation durant la pr\u00e9paration des examens, et afin d&rsquo;assurer\u00a0 les places aux \u00e9tudiants, chercheurs et enseignants de l\u2019USTHB; la priorit\u00e9 est accord\u00e9e \u00e0 ces derniers en premier lieu, et en mesure de places disponibles, les usagers des autres universit\u00e9s peuvent en b\u00e9n\u00e9ficier.<\/p>\n","protected":false},"excerpt":{"rendered":"<p>Ann\u00e9e Universitaire 2022-2023 \u062a\u0639\u0644\u0646 \u0627\u062f\u0627\u0631\u0629 \u0627\u0644\u0645\u0643\u062a\u0628\u0629 \u0627\u0644\u0645\u0631\u0643\u0632\u064a\u0629 \u0644\u062c\u0627\u0645\u0639\u0629 \u0627\u0644\u0639\u0644\u0648\u0645 \u0648 \u0627\u0644\u062a\u0643\u0646\u0648\u0644\u0648\u062c\u064a\u0627 \u0647\u0648\u0627\u0631\u064a \u0628\u0648\u0645\u062f\u064a\u0646 \u0627\u0646\u0637\u0644\u0627\u0642 \u0641\u0639\u0627\u0644\u064a\u0627\u062a \u0627\u0628\u0648\u0627\u0628 \u0645\u0641\u062a\u0648\u062d\u0629 \u0627\u0628\u062a\u062f\u0627\u0621 \u0645\u0646 \u0627\u0644\u0627\u062d\u062f 25 \u0633\u0628\u062a\u0645\u0628\u0631 \u0645\u0646 \u0627\u0644\u0633\u0627\u0639\u0629 \u0627\u0644\u062a\u0627\u0633\u0639\u0629 (9\u0633\u0627) \u0635\u0628\u0627\u062d\u0627 \u0627\u0644\u0649 \u063a\u0627\u064a\u0629 \u0627\u0644\u0633\u0627\u0639\u0629 \u0627\u0644\u0648\u0627\u062d\u062f\u0629 \u0632\u0648\u0627\u0644\u0627 \u0628\u0631\u0646\u0627\u0645\u062c \u062a\u0633\u062c\u064a\u0644\u0627\u062a \u0645\u0644\u0641 \u0627\u0644\u062a\u0633\u062c\u064a\u0644 \u0641\u064a \u0627\u0644\u0645\u0643\u062a\u0628\u0629 \u0635\u0648\u0631\u0629 \u0637\u0628\u0642 \u0627\u0644\u0627\u0635\u0644 \u0644\u0644\u0634\u0647\u0627\u062f\u0629 \u0627\u0644\u0645\u062f\u0631\u0633\u064a\u0629 \u0635\u0648\u0631\u0629 \u0634\u0645\u0633\u064a\u0629\u061b \u062c\u0648\u0644\u0629 \u0625\u0631\u0634\u0627\u062f\u064a\u0629 \u0641\u064a \u0627\u0644\u0645\u0643\u062a\u0628\u0629 \u061b \u0645\u062c\u0645\u0648\u0639\u0629 \u0627\u0644\u062e\u062f\u0645\u0627\u062a \u0627\u0644\u0645\u0642\u062f\u0645\u0629 \u0644\u062c\u0645\u064a\u0639 \u0641\u0626\u0627\u062a \u0627\u0644\u0645\u0633\u062a\u0641\u064a\u062f\u064a\u0646\u061b \u0639\u0631\u0636 \u0627\u0644\u0643\u062a\u0628 \u0627\u0644\u0645\u062a\u0648\u0641\u0631\u0629 \u0641\u064a \u0627\u0644\u0645\u0643\u062a\u0628\u0629 : \u062c\u0645\u064a\u0639 \u0627\u0644\u062a\u062e\u0635\u0635\u0627\u062a Pour fr\u00e9quenter les Biblioth\u00e8ques, les lecteurs doivent \u00eatre\u00a0 munis de leur carte de lecteur, exigible dans&hellip;<\/p>\n","protected":false},"author":1,"featured_media":0,"parent":0,"menu_order":0,"comment_status":"closed","ping_status":"closed","template":"","meta":[],"_links":{"self":[{"href":"https:\/\/bu.usthb.dz\/index.php?rest_route=\/wp\/v2\/pages\/6132"}],"collection":[{"href":"https:\/\/bu.usthb.dz\/index.php?rest_route=\/wp\/v2\/pages"}],"about":[{"href":"https:\/\/bu.usthb.dz\/index.php?rest_route=\/wp\/v2\/types\/page"}],"author":[{"embeddable":true,"href":"https:\/\/bu.usthb.dz\/index.php?rest_route=\/wp\/v2\/users\/1"}],"replies":[{"embeddable":true,"href":"https:\/\/bu.usthb.dz\/index.php?rest_route=%2Fwp%2Fv2%2Fcomments&post=6132"}],"version-history":[{"count":14,"href":"https:\/\/bu.usthb.dz\/index.php?rest_route=\/wp\/v2\/pages\/6132\/revisions"}],"predecessor-version":[{"id":6711,"href":"https:\/\/bu.usthb.dz\/index.php?rest_route=\/wp\/v2\/pages\/6132\/revisions\/6711"}],"wp:attachment":[{"href":"https:\/\/bu.usthb.dz\/index.php?rest_route=%2Fwp%2Fv2%2Fmedia&parent=6132"}],"curies":[{"name":"wp","href":"https:\/\/api.w.org\/{rel}","templated":true}]}}