{"id":4775,"date":"2020-12-28T23:10:55","date_gmt":"2020-12-28T22:10:55","guid":{"rendered":"http:\/\/localhost\/bu\/?page_id=4775"},"modified":"2025-06-10T18:01:34","modified_gmt":"2025-06-10T16:01:34","slug":"fonctionnement","status":"publish","type":"page","link":"https:\/\/bu.usthb.dz\/?page_id=4775","title":{"rendered":"Functioning"},"content":{"rendered":"\n<h4><strong>Directrice: <\/strong><\/h4>\n\n\n\n<h6><strong>M<sup>me<\/sup> BENRABAH Souhila<\/strong>    sbenrabah@usthb.dz    <\/h6>\n\n\n\n<div class=\"wp-block-image\"><figure class=\"alignright size-large\"><img loading=\"lazy\" width=\"164\" height=\"139\" src=\"https:\/\/bu.usthb.dz\/wp-content\/uploads\/2020\/04\/conservatrice.jpg\" alt=\"Directrice de la bu usthb\" class=\"wp-image-4310\" srcset=\"https:\/\/bu.usthb.dz\/wp-content\/uploads\/2020\/04\/conservatrice.jpg 164w, https:\/\/bu.usthb.dz\/wp-content\/uploads\/2020\/04\/conservatrice-137x116.jpg 137w\" sizes=\"(max-width: 164px) 100vw, 164px\" \/><\/figure><\/div>\n\n\n\n<p>Assist\u00e9e par cinq responsables de services:<\/p>\n\n\n\n<p><\/p>\n\n\n\n<figure class=\"wp-block-table is-style-regular\"><table><tbody><tr><td><strong>Administration G\u00e9n\u00e9rale&nbsp;<\/strong><\/td><td>Mr Heit<\/td><td>mheit@usthb.dz<\/td><\/tr><tr><td><strong>Informatique&nbsp;<\/strong><\/td><td>Mme Alliouane<\/td><td>falliouane@usthb.dz<\/td><\/tr><tr><td><strong>Acquisition&nbsp;<\/strong><\/td><td><\/td><td><\/td><\/tr><tr><td><strong>Traitement<\/strong><\/td><td><\/td><td><\/td><\/tr><tr><td><strong>Recherche bibliographique<\/strong><\/td><td><\/td><td><\/td><\/tr><tr><td><\/td><td><\/td><td><\/td><\/tr><\/tbody><\/table><\/figure>\n\n\n\n<div class=\"wp-block-group\"><div class=\"wp-block-group__inner-container\">\n<div class=\"wp-block-group\"><div class=\"wp-block-group__inner-container\"><\/div><\/div>\n<\/div><\/div>\n","protected":false},"excerpt":{"rendered":"<p>Directrice: Mme BENRABAH Souhila sbenrabah@usthb.dz Assist\u00e9e par cinq responsables de services: Administration G\u00e9n\u00e9rale&nbsp; Mr Heit mheit@usthb.dz Informatique&nbsp; Mme Alliouane falliouane@usthb.dz Acquisition&nbsp; Traitement Recherche bibliographique<\/p>\n","protected":false},"author":1,"featured_media":4096,"parent":0,"menu_order":0,"comment_status":"closed","ping_status":"closed","template":"","meta":[],"_links":{"self":[{"href":"https:\/\/bu.usthb.dz\/index.php?rest_route=\/wp\/v2\/pages\/4775"}],"collection":[{"href":"https:\/\/bu.usthb.dz\/index.php?rest_route=\/wp\/v2\/pages"}],"about":[{"href":"https:\/\/bu.usthb.dz\/index.php?rest_route=\/wp\/v2\/types\/page"}],"author":[{"embeddable":true,"href":"https:\/\/bu.usthb.dz\/index.php?rest_route=\/wp\/v2\/users\/1"}],"replies":[{"embeddable":true,"href":"https:\/\/bu.usthb.dz\/index.php?rest_route=%2Fwp%2Fv2%2Fcomments&post=4775"}],"version-history":[{"count":19,"href":"https:\/\/bu.usthb.dz\/index.php?rest_route=\/wp\/v2\/pages\/4775\/revisions"}],"predecessor-version":[{"id":6708,"href":"https:\/\/bu.usthb.dz\/index.php?rest_route=\/wp\/v2\/pages\/4775\/revisions\/6708"}],"wp:featuredmedia":[{"embeddable":true,"href":"https:\/\/bu.usthb.dz\/index.php?rest_route=\/wp\/v2\/media\/4096"}],"wp:attachment":[{"href":"https:\/\/bu.usthb.dz\/index.php?rest_route=%2Fwp%2Fv2%2Fmedia&parent=4775"}],"curies":[{"name":"wp","href":"https:\/\/api.w.org\/{rel}","templated":true}]}}