{"id":4177,"date":"2020-02-24T12:00:59","date_gmt":"2020-02-24T11:00:59","guid":{"rendered":"http:\/\/localhost\/biblio\/?page_id=4177"},"modified":"2025-06-10T18:06:29","modified_gmt":"2025-06-10T16:06:29","slug":"informations-pratiques-2","status":"publish","type":"page","link":"https:\/\/bu.usthb.dz\/?page_id=4177","title":{"rendered":"Practical Informations"},"content":{"rendered":"\n<section>\n                \t\t\t\t\t\n\n\n<p>&nbsp;<\/p>\n\n<h3>Se rendre \u00e0 l&rsquo;USTHB<\/h3>\n\n<ol>\n\t<li><a href=\".\/bu\/se-rendre-a-lusthb\/\">Les itin\u00e9raires<\/a><\/li>\n\t<li><a class=\"fr-file\" href=\"https:\/\/www.usthb.dz\/storage\/app\/media\/uploaded-files\/planning-de-transport-des-etudiants-au-depart-et-vers-la-gare-routiere-dalger.pdf\">Planning de Transport des \u00c9tudiants au d\u00e9part et vers la Gare Routi\u00e8re d&rsquo;Alger<\/a><\/li>\n<\/ol>\n\n<p>&nbsp;<\/p>\n\n<h3>Liens Utiles<\/h3>\n<div class=\"row\" style=\"margin: 40px 0 100px;\">\n\n\t<div style=\"margin: 40px 0 100px\" class=\"row\"><h4>R\u00e9seau universitaire<\/h4>\n\n\n<div style=\"margin: 40px 0 100px\" class=\"row\"><ul class=\"bleu\"><li><a href=\"#univ\">Universit\u00e9<\/a><\/li>\n<li><a href=\"#cus\">Centres universitaires<\/a><\/li>\n<li><a href=\"#ens\">Ecoles Normales Sup\u00e9rieures<\/a><\/li>\n<li><a href=\"#efs\">\u00c9tablissements de formation sup\u00e9rieure hors MESRS<\/a><\/li><\/ul>\n\n<h3>Universit\u00e9<a name=\"univ\" id=\"Universit\u00e9\"><\/a><\/h3>\n<ul>\n<li class=\"fleche1\"><span class=\"fleche1\"><strong>Region Centre <\/strong><\/span>\n<ul class=\"fleche2\"><li>\n<a href=\"http:\/\/web.univ-djelfa.dz\/\">Universit\u00e9 Ziane Achour de Djelfa<\/a><\/li><li>\n<a href=\"http:\/\/www.univ-medea.dz\/\">Universit\u00e9 Yahia Far\u00e8s de M\u00e9d\u00e9a<\/a><\/li><li><a href=\"http:\/\/www.univ-medea.dz\/\">\n<\/a><a href=\"http:\/\/www.univ-alger.dz\/\">Universit\u00e9 Benyoucef Benkhedda d&rsquo;Alger<\/a><\/li><li>\n<a href=\"http:\/\/www.univ-bejaia.dz\/\">Universit\u00e9 Abderrahmane Mira de B\u00e9jaia<\/a><\/li><li>\n<a href=\"http:\/\/www.univ-chlef.dz\/\">Universit\u00e9 Hassiba Ben Bouali de Chlef<\/a><\/li><li>\n<a href=\"http:\/\/www.umbb.dz\/\">Universit\u00e9 M&rsquo;hamed Bougara de Boumerd\u00e8s<\/a><\/li><li>\n<a href=\"http:\/\/www.ummto.dz\/\">Universit\u00e9 Mouloud Maameri de Tizi Ouzou<\/a><\/li><li>\n<a href=\"http:\/\/web.lagh-univ.dz\/web\/\">Universit\u00e9 Omar Telidji de Laghouat<\/a><\/li><li>\n<a href=\"http:\/\/www.univ-blida.dz\/\">Universit\u00e9 Saad Dahlab de Blida<\/a><\/li><li>\n<a href=\"http:\/\/www.ufc.dz\/\">Universit\u00e9 de la Formation Continue<\/a><\/li><li><\/li><\/ul><\/li><\/ul>\n<ul>\n<li class=\"fleche1\"><span class=\"fleche1\"><strong>R\u00e9gion Est <\/strong><\/span><\/li>\n<ul class=\"fleche2\"><li>\n<a href=\"http:\/\/www.univ-jijel.dz\/\">Universit\u00e9 Abdelhak Benhamouda de Jijel<\/a><\/li><li>\n<a href=\"http:\/\/www.univ-tebessa.dz\/\">Universit\u00e9 Larbi Tebessi de T\u00e9bessa<\/a><\/li><li>\n<a href=\"http:\/\/www.univ-oeb.dz\/\">Universit\u00e9 Larbi Ben Mhidi de Oum El Bouaghi<\/a><\/li><li>\n<a href=\"http:\/\/www.univ-annaba.org\/\">Universit\u00e9 Badji Moktar de Annaba<\/a><\/li><li><a href=\"http:\/\/www.univ-annaba.org\/\">\n<\/a><a href=\"http:\/\/www.univ-setif.dz\/\">Universit\u00e9 Ferhat Abbas de S\u00e9tif<\/a><\/li><li>\n<a href=\"http:\/\/www.univ-guelma.dz\/\">Universit\u00e9 8 mai 1945 de Guelma<\/a><\/li><li>\n<a href=\"http:\/\/www.univ-batna.dz\/\">Universit\u00e9 El Hadj Lakhdar de Batna<\/a><\/li><li>\n<a href=\"http:\/\/www.umc.edu.dz\/\">Universit\u00e9 Mentouri de Constantine<\/a><\/li><li>\n<a href=\"http:\/\/www.univ-biskra.dz\/\">Universit\u00e9 Mohamed Khider de Biskra<\/a><\/li><li>\n<a href=\"http:\/\/www.univ-msila.dz\/\">Universit\u00e9 de M&rsquo;sila<\/a><\/li><li><a href=\"http:\/\/www.univ-msila.dz\/\">\n<\/a><a href=\"http:\/\/www.ouargla-univ.dz\/\">Universit\u00e9 Kasdi Merbah de Ouargla<\/a><\/li><li>\n<a href=\"http:\/\/www.univ-emir.dz\/\">Universit\u00e9 des sciences islamiques Emir Abdelkader de Constantine<\/a><\/li><li>\n<a href=\"http:\/\/www.univ-skikda.dz\/\">Universit\u00e9 20 Ao\u00fbt 1955 de Skikda<\/a><\/li><li><\/li><\/ul><\/ul>\n<ul>\n\n<li class=\"fleche1\"><span class=\"fleche1\"><strong>R\u00e9gion Ouest :<\/strong><\/span><\/li>\n<ul class=\"fleche2\"><li>\n<a href=\"http:\/\/www.univ-bechar.dz\/\">Universit\u00e9 de B\u00e9char<\/a><\/li><li><a href=\"http:\/\/www.univ-bechar.dz\/\">\n<\/a><a href=\"http:\/\/www.univ-mascara.dz\/\">Universit\u00e9 Mustapha Stambouli de Mascara<\/a><\/li><li>\n<a href=\"http:\/\/www.univ-saida.dz\/\">Universit\u00e9 Tahar Moulay de Saida<\/a><\/li><li>\n<a href=\"http:\/\/www.univ-tlemcen.dz\/\">Universit\u00e9 Aboubeker Belkaid de Tlemcen<\/a><\/li><li>\n<a href=\"http:\/\/www.univadrar.org\/\">Universit\u00e9 Ahmed Draya d&rsquo;Adrar<\/a><\/li><li>\n<a href=\"http:\/\/www.univ-tiaret.dz\/\">Universit\u00e9 Ibn Khaldoun de Tiaret<\/a><\/li><li>\n<a href=\"http:\/\/www.univ-sba.dz\/\">Universit\u00e9 El Djilali Liab\u00e8s de Sidi Bel Abb\u00e8s<\/a><\/li><li>\n<a href=\"http:\/\/www.univ-mosta.dz\/\">Universit\u00e9 Abdelhamid Ibn Badis de Mostaganem<\/a><\/li><li>\n<a href=\"http:\/\/www.univ-oran.dz\/\">Universit\u00e9 d&rsquo;Oran &#8211; S\u00e9nia<\/a><\/li><li>\n<a href=\"http:\/\/www.univ-usto.dz\/\">Universit\u00e9 des sciences et de la technologie Mohamed Boudiaf d&rsquo;Oran<\/a><\/li><li><\/li><\/ul><\/ul>\n<h3>Centres universitaires<a name=\"cus\" id=\"Centres universitaires\"><\/a><\/h3>\n<ul>\n<li class=\"fleche1\"><span class=\"fleche1\"><strong>R\u00e9gion Centre:<\/strong><\/span><\/li>\n<ul class=\"fleche2\"><li>\n<a href=\"http:\/\/www.cu-bouira.dz\/\"> Centre Universitaire de Bouira<\/a><\/li><li>\n<a href=\"http:\/\/www.cu-ghardaia.edu.dz\/\">Centre universitaire de Ghardaia<\/a><\/li><li>\n<a href=\"http:\/\/www.cukm.org\/\"> Centre universitaire de Khemis Miliana<\/a><\/li><li>\n<a href=\"http:\/\/#\">Centre universitaire de Tamanrasset<\/a><\/li><li>\n<\/li><\/ul><\/ul>\n<ul>\n<li class=\"fleche1\"><span class=\"fleche1\"><strong>R\u00e9gion Est :<\/strong><\/span><\/li>\n<ul class=\"fleche2\"><li>\n<a href=\"http:\/\/www.univ-bba.dz\/\">Centre universitaire de Bordj Bou Arr\u00e9ridj<\/a><\/li><li>\n<a href=\"http:\/\/www.cuniv-eltaref.edu.dz\/\">Centre universitaire d&rsquo;El Tarf<\/a><\/li><li>\n<a href=\"http:\/\/www.cuniv-khenchela.edu.dz\/\">Centre universitaire de Khenchela<\/a><\/li><li>\n<a href=\"http:\/\/www.univ-eloued.dz\/\">Centre universitaire d&rsquo;El Oued<\/a><\/li><li>\n<a href=\"http:\/\/www.cu-soukahras.dz\/\">Centre universitaire de Souk Ahras<\/a><\/li><li>\n<a href=\"http:\/\/www.centre-univ-mila.dz\/\">Centre Universitaire de Mila<\/a><\/li><li><\/li><\/ul><\/ul>\n<ul>\n<li class=\"fleche1\"><span class=\"fleche1\"><strong>R\u00e9gion Ouest :<\/strong><\/span><\/li>\n<ul class=\"fleche2\"><li>\n<a href=\"http:\/\/www.mesrs.dz\/etablissements.php?eetab=2\">Centre Universitaire de Tissemsilt<\/a><\/li><li>\n<a href=\"#\">Centre Universitaire de A\u00efn T\u00e9mouchent<\/a><\/li><li>\n<a href=\"#\">Centre universitaire de R\u00e9lizane<\/a><\/li><\/ul><\/ul>\n<h3>Ecoles Normales Sup\u00e9rieures<a name=\"ens\" id=\"Ecoles Normales Sup\u00e9rieures\"><\/a><\/h3>\n<ul>\n<li class=\"fleche1\"><span class=\"fleche1\"><strong>R\u00e9gion Centre :<\/strong><\/span><\/li>\n<ul class=\"fleche2\"><li>\n<a href=\"http:\/\/www.ensb.dz\/\">Ecole normale sup\u00e9rieure de Bouzar\u00e9ah<\/a><\/li><li>\n<a href=\"http:\/\/www.ens-kouba.dz\/\">Ecole normale sup\u00e9rieure de Kouba<\/a><\/li><\/ul>\n<\/ul>\n<ul>\n<li class=\"fleche1\"><span class=\"fleche1\"><strong>R\u00e9gion Est :<\/strong><\/span><\/li>\n<ul class=\"fleche2\"><li>\n<a href=\"http:\/\/www.ens-constantine.dz\/\">Ecole normale sup\u00e9rieure de Constantine<\/a><\/li><\/ul>\n<\/ul>\n<ul>\n<li class=\"fleche1\"><span class=\"fleche1\"><strong>R\u00e9gion Ouest :<\/strong><\/span><\/li>\n<ul class=\"fleche2\"><li>\n<a href=\"http:\/\/www.enset-oran.dz\/\">Ecole normale sup\u00e9rieure d\u2019enseignement technologique d\u2019Oran<\/a><\/li>\n<\/ul><\/ul>\n\n<a name=\"efs\" id=\"\u00c9tablissements de formation sup\u00e9rieure hors MESRS\"><\/a><h3><a name=\"efs\" id=\"\u00c9tablissements de formation sup\u00e9rieure hors MESRS\">\u00c9tablissements de formation sup\u00e9rieure hors MESRS<\/a><\/h3>\n<ul class=\"fleche2\"><li><a href=\"http:\/\/www.emp.edu.dz\/\">\u00c9cole Militaire Polytechnique.<\/a><\/li><li>\n<a href=\"http:\/\/www.ito.dz\/\">\nInstitut des T\u00e9l\u00e9communications Abdelhafid Boussouf &#8211; Oran (ITO).<\/a><\/li><li>\n<a href=\"http:\/\/www.inptic.edu.dz\/\">\nInstitut National de la Poste et des Technologies de l&rsquo;Information et de la Communication (INPTIC). <\/a><\/li><li>\n<a href=\"http:\/\/www.esb.edu.dz\/\">\nEcole Sup\u00e9rieure de Banque (ESB). <\/a><\/li><li>\n<a href=\"http:\/\/www.iap.dz\/\">\nInstitut Alg\u00e9rien du P\u00e9trole (IAP). <\/a><\/li><li>\n<a href=\"http:\/\/www.esaa.dz\/\">\nEcole Sup\u00e9rieure Alg\u00e9rienne des Affaires (ESAA).<\/a><\/li><\/ul><\/div>\n\n\n\n\n\n<\/div>\n\n\t<p>&nbsp;<\/p>\n\n\t<h3>Coordonn\u00e9es de l&rsquo;Universit\u00e9<\/h3>Universit\u00e9 des Sciences et de la Technologie Houari Boumediene,\n\t<br>BP 32 EL ALIA 16111 BAB EZZOUAR ALGER.\n\t<br>T\u00e9l\u00e9phone : +213 21 24 79 50 \u00e0 60\n\t<br>T\u00e9l\u00e9copie : +213 21 24 79 04.\n\t<br>\n\n\t<h3>Annuaire de l&rsquo;USTHB<\/h3><a href=\".\/bu\/annuaire-telephonique-de-lusthb\/\">Annuaire t\u00e9l\u00e9phonique de l&rsquo;USTHB<\/a><\/div>\n\n<p>\n\t<br>\n<\/p>\n\t\t\t\t            <\/section>\n","protected":false},"excerpt":{"rendered":"<p>&nbsp; Se rendre \u00e0 l&rsquo;USTHB Les itin\u00e9raires Planning de Transport des \u00c9tudiants au d\u00e9part et vers la Gare Routi\u00e8re d&rsquo;Alger &nbsp; Liens Utiles R\u00e9seau universitaire Universit\u00e9 Centres universitaires Ecoles Normales Sup\u00e9rieures \u00c9tablissements de formation sup\u00e9rieure hors MESRS Universit\u00e9 Region Centre Universit\u00e9 Ziane Achour de Djelfa Universit\u00e9 Yahia Far\u00e8s de M\u00e9d\u00e9a Universit\u00e9 Benyoucef Benkhedda d&rsquo;Alger Universit\u00e9 Abderrahmane Mira de B\u00e9jaia Universit\u00e9 Hassiba Ben Bouali de Chlef Universit\u00e9 M&rsquo;hamed Bougara de Boumerd\u00e8s Universit\u00e9 Mouloud Maameri de Tizi Ouzou Universit\u00e9 Omar Telidji de&hellip;<\/p>\n","protected":false},"author":1,"featured_media":0,"parent":0,"menu_order":0,"comment_status":"closed","ping_status":"closed","template":"","meta":[],"_links":{"self":[{"href":"https:\/\/bu.usthb.dz\/index.php?rest_route=\/wp\/v2\/pages\/4177"}],"collection":[{"href":"https:\/\/bu.usthb.dz\/index.php?rest_route=\/wp\/v2\/pages"}],"about":[{"href":"https:\/\/bu.usthb.dz\/index.php?rest_route=\/wp\/v2\/types\/page"}],"author":[{"embeddable":true,"href":"https:\/\/bu.usthb.dz\/index.php?rest_route=\/wp\/v2\/users\/1"}],"replies":[{"embeddable":true,"href":"https:\/\/bu.usthb.dz\/index.php?rest_route=%2Fwp%2Fv2%2Fcomments&post=4177"}],"version-history":[{"count":20,"href":"https:\/\/bu.usthb.dz\/index.php?rest_route=\/wp\/v2\/pages\/4177\/revisions"}],"predecessor-version":[{"id":6709,"href":"https:\/\/bu.usthb.dz\/index.php?rest_route=\/wp\/v2\/pages\/4177\/revisions\/6709"}],"wp:attachment":[{"href":"https:\/\/bu.usthb.dz\/index.php?rest_route=%2Fwp%2Fv2%2Fmedia&parent=4177"}],"curies":[{"name":"wp","href":"https:\/\/api.w.org\/{rel}","templated":true}]}}