{"id":3578,"date":"2018-09-04T21:13:39","date_gmt":"2018-09-04T19:13:39","guid":{"rendered":"http:\/\/localhost\/library\/?page_id=3578"},"modified":"2025-06-10T18:28:29","modified_gmt":"2025-06-10T16:28:29","slug":"fonds-et-statistiques","status":"publish","type":"page","link":"https:\/\/bu.usthb.dz\/?page_id=3578","title":{"rendered":"Books"},"content":{"rendered":"\n<div class=\"wp-block-columns\">\n<div class=\"wp-block-column\" style=\"flex-basis:25%\">\n<div class=\"wp-block-group\"><div class=\"wp-block-group__inner-container\">\n<h3 class=\"has-vivid-cyan-blue-color has-text-color\">Ouvrages<\/h3>\n\n\n\n<h6><strong>Livres Latin&nbsp;<\/strong>                     20035 Titres                          121886 Exp<\/h6>\n\n\n\n<h6><strong>Livres Arabe<\/strong>             3163 Titres  22175 Exp<\/h6>\n<\/div><\/div>\n<\/div>\n\n\n\n<div class=\"wp-block-column\" style=\"flex-basis:25%\">\n<h4><span class=\"has-inline-color has-vivid-cyan-blue-color\">Th\u00e8ses<\/span><\/h4>\n\n\n\n<h6><strong>Th\u00e8ses Latines<\/strong>&nbsp;  8778 Titres        5363 PDF<\/h6>\n\n\n\n<h6><strong>Th\u00e8ses Arabe<\/strong>&nbsp;<\/h6>\n\n\n\n<div class=\"wp-block-columns\">\n<div class=\"wp-block-column\" style=\"flex-basis:100%\">\n<div class=\"wp-block-group\"><div class=\"wp-block-group__inner-container\">\n<h6>133 Titres                      97 PDF<\/h6>\n<\/div><\/div>\n<\/div>\n<\/div>\n<\/div>\n\n\n\n<div class=\"wp-block-column\" style=\"flex-basis:25%\">\n<h4><span class=\"has-inline-color has-vivid-cyan-blue-color\">P\u00e9riodiques<\/span><\/h4>\n<\/div>\n\n\n\n<div class=\"wp-block-column\" style=\"flex-basis:25%\">\n<h4><span class=\"has-inline-color has-vivid-cyan-blue-color\">Revues   <\/span><\/h4>\n\n\n\n<h6>77<\/h6>\n\n\n\n<p><\/p>\n<\/div>\n\n\n\n<div class=\"wp-block-column\" style=\"flex-basis:25%\">\n<h4><span class=\"has-inline-color has-vivid-cyan-blue-color\">Non livres  <\/span><\/h4>\n\n\n\n<h6>2635 titres<\/h6>\n<\/div>\n<\/div>\n","protected":false},"excerpt":{"rendered":"<p>Ouvrages Livres Latin&nbsp; 20035 Titres 121886 Exp Livres Arabe 3163 Titres 22175 Exp Th\u00e8ses Th\u00e8ses Latines&nbsp; 8778 Titres 5363 PDF Th\u00e8ses Arabe&nbsp; 133 Titres 97 PDF P\u00e9riodiques Revues 77 Non livres 2635 titres<\/p>\n","protected":false},"author":1,"featured_media":0,"parent":0,"menu_order":1,"comment_status":"closed","ping_status":"closed","template":"","meta":[],"_links":{"self":[{"href":"https:\/\/bu.usthb.dz\/index.php?rest_route=\/wp\/v2\/pages\/3578"}],"collection":[{"href":"https:\/\/bu.usthb.dz\/index.php?rest_route=\/wp\/v2\/pages"}],"about":[{"href":"https:\/\/bu.usthb.dz\/index.php?rest_route=\/wp\/v2\/types\/page"}],"author":[{"embeddable":true,"href":"https:\/\/bu.usthb.dz\/index.php?rest_route=\/wp\/v2\/users\/1"}],"replies":[{"embeddable":true,"href":"https:\/\/bu.usthb.dz\/index.php?rest_route=%2Fwp%2Fv2%2Fcomments&post=3578"}],"version-history":[{"count":32,"href":"https:\/\/bu.usthb.dz\/index.php?rest_route=\/wp\/v2\/pages\/3578\/revisions"}],"predecessor-version":[{"id":6743,"href":"https:\/\/bu.usthb.dz\/index.php?rest_route=\/wp\/v2\/pages\/3578\/revisions\/6743"}],"wp:attachment":[{"href":"https:\/\/bu.usthb.dz\/index.php?rest_route=%2Fwp%2Fv2%2Fmedia&parent=3578"}],"curies":[{"name":"wp","href":"https:\/\/api.w.org\/{rel}","templated":true}]}}